{"id":143,"date":"2020-05-01T20:37:06","date_gmt":"2020-05-01T18:37:06","guid":{"rendered":"http:\/\/andreaslindholm.se\/?page_id=143"},"modified":"2023-02-26T14:28:59","modified_gmt":"2023-02-26T13:28:59","slug":"funktionsratt","status":"publish","type":"page","link":"https:\/\/andreaslindholm.se\/index.php\/funktionsratt\/","title":{"rendered":"Funktionsr\u00e4tt"},"content":{"rendered":"\n<pre class=\"wp-block-code\"><code>&#91;responsivevoice_button voice=\"Swedish Female\"]<\/code><\/pre>\n\n\n\n<p>Jag h\u00e5ller p\u00e5 med funktionsr\u00e4ttsaktivism p\u00e5 en rad olika plan. Omr\u00e5den jag framf\u00f6rallt brinner f\u00f6r \u00e4r:<\/p>\n\n\n\n<ul class=\"wp-block-list\"><li><em>Delaktighet<\/em><\/li><li><em>Tillg\u00e4nglighet <\/em><\/li><li><em>M\u00e4nskliga r\u00e4ttigheter f\u00f6r funktionsvarierade<\/em><\/li><\/ul>\n\n\n\n<h2 class=\"wp-block-heading\">Delaktighet<\/h2>\n\n\n\n<p>Delaktighet \u00e4r viktigt. Denna fr\u00e5ga arbetar jag framf\u00f6rallt med genom mitt uppdrag som Brukarrevisor, en form av kvalitetss\u00e4kring f\u00f6r Dagliga Verksamheter och Boenden. <\/p>\n\n\n\n<h2 class=\"wp-block-heading\">Tillg\u00e4nglighet<\/h2>\n\n\n\n<p>Jag har sedan ett par \u00e5r kommit att intressera mig b\u00e5de f\u00f6r s\u00e5v\u00e4l digital som fysisk tillg\u00e4nglighet. Det \u00e4r f\u00f6rv\u00e5nansv\u00e4rt ofta som detta negligeras. Ett exempel \u00e4r hyrsparkcyklarna som kom till Uppsala f\u00f6r ett par \u00e5r sedan. Dessa parkerades i ledstr\u00e5k f\u00f6r synskadade bland annat och ledde till att folk snubblade. <\/p>\n\n\n\n<p>Digital tillg\u00e4nglighet har jag varit med och testat sedan 2016, d\u00e4ribland ett av v\u00e4rldens st\u00f6rsta l\u00f6nesystem, d\u00e4r v\u00e5ra testresultat var nersl\u00e5ende d\u00e5 detta system inte kan anv\u00e4ndas av n\u00e5gon som beh\u00f6ver f\u00e5 sk\u00e4rmen uppl\u00e4st. Jag har dessutom nyligen avslutat en mer tekniskt lagd utbildning f\u00f6r m\u00e4nniskor som \u00e4r programmerare och liknande.  <\/p>\n\n\n\n<h2 class=\"wp-block-heading\">M\u00e4nskliga r\u00e4ttigheter<\/h2>\n\n\n\n<p>Inom detta omr\u00e5de har jag varit aktiv inom fr\u00e5gor kring bland annat r\u00e4tten till k\u00e4rlek och sex. Bland annat som medf\u00f6rfattare till debattartikeln &#8221;<em>Det beh\u00f6vs kunskap om sexuell h\u00e4lsa inom LSS&#8221; <\/em><a rel=\"noreferrer noopener\" href=\"https:\/\/www.funktionshinderpolitik.se\/det-behovs-kunskap-om-sexuell-halsa-inom-lss\/?fbclid=IwAR1WQF1C5MK8JU1RMr49QFTrmSRIazLCQKi_X41j69W6-rqAdECtmWfVonE\" target=\"_blank\">som finns att l\u00e4sa h\u00e4r<\/a>.<\/p>\n","protected":false},"excerpt":{"rendered":"<p>Jag h\u00e5ller p\u00e5 med funktionsr\u00e4ttsaktivism p\u00e5 en rad olika plan. Omr\u00e5den jag framf\u00f6rallt brinner f\u00f6r \u00e4r: Delaktighet Tillg\u00e4nglighet M\u00e4nskliga r\u00e4ttigheter f\u00f6r funktionsvarierade Delaktighet Delaktighet \u00e4r viktigt. Denna fr\u00e5ga arbetar jag framf\u00f6rallt med genom mitt uppdrag som Brukarrevisor, en form av kvalitetss\u00e4kring f\u00f6r Dagliga Verksamheter och Boenden. Tillg\u00e4nglighet Jag har sedan ett par \u00e5r kommit att [&hellip;]<\/p>\n","protected":false},"author":1,"featured_media":0,"parent":0,"menu_order":0,"comment_status":"closed","ping_status":"closed","template":"","meta":{"footnotes":""},"class_list":["post-143","page","type-page","status-publish","hentry"],"_links":{"self":[{"href":"https:\/\/andreaslindholm.se\/index.php\/wp-json\/wp\/v2\/pages\/143","targetHints":{"allow":["GET"]}}],"collection":[{"href":"https:\/\/andreaslindholm.se\/index.php\/wp-json\/wp\/v2\/pages"}],"about":[{"href":"https:\/\/andreaslindholm.se\/index.php\/wp-json\/wp\/v2\/types\/page"}],"author":[{"embeddable":true,"href":"https:\/\/andreaslindholm.se\/index.php\/wp-json\/wp\/v2\/users\/1"}],"replies":[{"embeddable":true,"href":"https:\/\/andreaslindholm.se\/index.php\/wp-json\/wp\/v2\/comments?post=143"}],"version-history":[{"count":4,"href":"https:\/\/andreaslindholm.se\/index.php\/wp-json\/wp\/v2\/pages\/143\/revisions"}],"predecessor-version":[{"id":348,"href":"https:\/\/andreaslindholm.se\/index.php\/wp-json\/wp\/v2\/pages\/143\/revisions\/348"}],"wp:attachment":[{"href":"https:\/\/andreaslindholm.se\/index.php\/wp-json\/wp\/v2\/media?parent=143"}],"curies":[{"name":"wp","href":"https:\/\/api.w.org\/{rel}","templated":true}]}}