{"id":19,"date":"2015-05-11T15:43:49","date_gmt":"2015-05-11T13:43:49","guid":{"rendered":"http:\/\/andreaslindholm.se\/?page_id=19"},"modified":"2023-02-26T14:28:59","modified_gmt":"2023-02-26T13:28:59","slug":"home","status":"publish","type":"page","link":"https:\/\/andreaslindholm.se\/","title":{"rendered":"Hem"},"content":{"rendered":"\n<h2 class=\"wp-block-heading\">V\u00e4lkommen hit<\/h2>\n\n\n\n<div class=\"wp-block-image\"><figure class=\"alignright size-medium is-resized\"><img loading=\"lazy\" decoding=\"async\" src=\"https:\/\/andreaslindholm.se\/wp-content\/uploads\/2020\/07\/DSC_0231-169x300.jpg\" alt=\"En man med glas\u00f6gon\" class=\"wp-image-185\" width=\"220\" height=\"392\" srcset=\"https:\/\/andreaslindholm.se\/wp-content\/uploads\/2020\/07\/DSC_0231-169x300.jpg 169w, https:\/\/andreaslindholm.se\/wp-content\/uploads\/2020\/07\/DSC_0231-576x1024.jpg 576w, https:\/\/andreaslindholm.se\/wp-content\/uploads\/2020\/07\/DSC_0231-768x1365.jpg 768w, https:\/\/andreaslindholm.se\/wp-content\/uploads\/2020\/07\/DSC_0231-864x1536.jpg 864w, https:\/\/andreaslindholm.se\/wp-content\/uploads\/2020\/07\/DSC_0231-1152x2048.jpg 1152w, https:\/\/andreaslindholm.se\/wp-content\/uploads\/2020\/07\/DSC_0231-1200x2133.jpg 1200w, https:\/\/andreaslindholm.se\/wp-content\/uploads\/2020\/07\/DSC_0231.jpg 1440w\" sizes=\"auto, (max-width: 220px) 100vw, 220px\" \/><figcaption><em>Fotografi (C) 2015 <\/em><br><em>Karin Liliequist<\/em><\/figcaption><\/figure><\/div>\n\n\n\n<p>H\u00e4r hittar du information om mitt arbete som journalist, funktionsr\u00e4ttsaktivism med mera. N\u00e4r andan faller p\u00e5 skriver jag \u00e4ven reflektioner h\u00e4r. <\/p>\n\n\n\n<p><\/p>\n\n\n\n<p><\/p>\n\n\n\n<p><\/p>\n\n\n\n<p><\/p>\n\n\n\n<p><\/p>\n\n\n\n<p><\/p>\n\n\n\n<p><\/p>\n\n\n\n<p><\/p>\n\n\n\n<p><\/p>\n\n\n\n<p><\/p>\n\n\n\n<p><\/p>\n","protected":false},"excerpt":{"rendered":"<p>V\u00e4lkommen hit H\u00e4r hittar du information om mitt arbete som journalist, funktionsr\u00e4ttsaktivism med mera. N\u00e4r andan faller p\u00e5 skriver jag \u00e4ven reflektioner h\u00e4r.<\/p>\n","protected":false},"author":1,"featured_media":0,"parent":0,"menu_order":0,"comment_status":"closed","ping_status":"open","template":"","meta":{"footnotes":""},"class_list":["post-19","page","type-page","status-publish","hentry"],"_links":{"self":[{"href":"https:\/\/andreaslindholm.se\/index.php\/wp-json\/wp\/v2\/pages\/19","targetHints":{"allow":["GET"]}}],"collection":[{"href":"https:\/\/andreaslindholm.se\/index.php\/wp-json\/wp\/v2\/pages"}],"about":[{"href":"https:\/\/andreaslindholm.se\/index.php\/wp-json\/wp\/v2\/types\/page"}],"author":[{"embeddable":true,"href":"https:\/\/andreaslindholm.se\/index.php\/wp-json\/wp\/v2\/users\/1"}],"replies":[{"embeddable":true,"href":"https:\/\/andreaslindholm.se\/index.php\/wp-json\/wp\/v2\/comments?post=19"}],"version-history":[{"count":13,"href":"https:\/\/andreaslindholm.se\/index.php\/wp-json\/wp\/v2\/pages\/19\/revisions"}],"predecessor-version":[{"id":350,"href":"https:\/\/andreaslindholm.se\/index.php\/wp-json\/wp\/v2\/pages\/19\/revisions\/350"}],"wp:attachment":[{"href":"https:\/\/andreaslindholm.se\/index.php\/wp-json\/wp\/v2\/media?parent=19"}],"curies":[{"name":"wp","href":"https:\/\/api.w.org\/{rel}","templated":true}]}}